{"id":2901,"date":"2026-02-08T16:11:31","date_gmt":"2026-02-08T15:11:31","guid":{"rendered":"http:\/\/arc-chevreuse.localsite\/?page_id=2901"},"modified":"2026-05-09T10:20:51","modified_gmt":"2026-05-09T08:20:51","slug":"conditions-generales","status":"publish","type":"page","link":"https:\/\/test.arc-chevreuse.org\/conditions-generales\/","title":{"rendered":"Conditions g\u00e9n\u00e9rales"},"content":{"rendered":"\t\t<div data-elementor-type=\"wp-page\" data-elementor-id=\"2901\" class=\"elementor elementor-2901\">\n\t\t\t\t<div class=\"elementor-element elementor-element-a0cd70e e-flex e-con-boxed wpr-particle-no wpr-jarallax-no wpr-parallax-no wpr-sticky-section-no e-con e-parent\" data-id=\"a0cd70e\" data-element_type=\"container\" data-e-type=\"container\">\n\t\t\t\t\t<div class=\"e-con-inner\">\n\t\t\t\t<div class=\"elementor-element elementor-element-4390d65 elementor-widget elementor-widget-image\" data-id=\"4390d65\" data-element_type=\"widget\" data-e-type=\"widget\" data-widget_type=\"image.default\">\n\t\t\t\t<div class=\"elementor-widget-container\">\n\t\t\t\t\t\t\t\t\t\t\t\t\t\t\t<img fetchpriority=\"high\" decoding=\"async\" width=\"1024\" height=\"585\" src=\"https:\/\/test.arc-chevreuse.org\/wp-content\/uploads\/2026\/03\/Conditions-generales-1024x585.webp\" class=\"attachment-large size-large wp-image-4990\" alt=\"\" srcset=\"https:\/\/test.arc-chevreuse.org\/wp-content\/uploads\/2026\/03\/Conditions-generales-1024x585.webp 1024w, https:\/\/test.arc-chevreuse.org\/wp-content\/uploads\/2026\/03\/Conditions-generales-300x171.webp 300w, https:\/\/test.arc-chevreuse.org\/wp-content\/uploads\/2026\/03\/Conditions-generales-768x439.webp 768w, https:\/\/test.arc-chevreuse.org\/wp-content\/uploads\/2026\/03\/Conditions-generales.webp 1344w\" sizes=\"(max-width: 1024px) 100vw, 1024px\" \/>\t\t\t\t\t\t\t\t\t\t\t\t\t\t\t<\/div>\n\t\t\t\t<\/div>\n\t\t\t\t\t<\/div>\n\t\t\t\t<\/div>\n\t\t<div class=\"elementor-element elementor-element-7754ce2 e-flex e-con-boxed wpr-particle-no wpr-jarallax-no wpr-parallax-no wpr-sticky-section-no e-con e-parent\" data-id=\"7754ce2\" data-element_type=\"container\" data-e-type=\"container\">\n\t\t\t\t\t<div class=\"e-con-inner\">\n\t\t\t\t<div class=\"elementor-element elementor-element-1dc4573 elementor-widget elementor-widget-heading\" data-id=\"1dc4573\" data-element_type=\"widget\" data-e-type=\"widget\" data-widget_type=\"heading.default\">\n\t\t\t\t<div class=\"elementor-widget-container\">\n\t\t\t\t\t<h2 class=\"elementor-heading-title elementor-size-default\">Conditions g\u00e9n\u00e9rales<\/h2>\t\t\t\t<\/div>\n\t\t\t\t<\/div>\n\t\t\t\t\t<\/div>\n\t\t\t\t<\/div>\n\t\t<div class=\"elementor-element elementor-element-0110a3d e-flex e-con-boxed wpr-particle-no wpr-jarallax-no wpr-parallax-no wpr-sticky-section-no e-con e-parent\" data-id=\"0110a3d\" data-element_type=\"container\" data-e-type=\"container\">\n\t\t\t\t\t<div class=\"e-con-inner\">\n\t\t<div class=\"elementor-element elementor-element-47ad0ea e-con-full e-flex wpr-particle-no wpr-jarallax-no wpr-parallax-no wpr-sticky-section-no e-con e-child\" data-id=\"47ad0ea\" data-element_type=\"container\" data-e-type=\"container\">\n\t\t<div class=\"elementor-element elementor-element-cfe697a e-con-full e-flex wpr-particle-no wpr-jarallax-no wpr-parallax-no wpr-sticky-section-no e-con e-child\" data-id=\"cfe697a\" data-element_type=\"container\" data-e-type=\"container\">\n\t\t\t\t<div class=\"elementor-element elementor-element-d43fdfe elementor-widget elementor-widget-text-editor\" data-id=\"d43fdfe\" data-element_type=\"widget\" data-e-type=\"widget\" data-widget_type=\"text-editor.default\">\n\t\t\t\t<div class=\"elementor-widget-container\">\n\t\t\t\t\t\t\t\t\t<h4><strong>\u00a0 \u00a0 \u00a0 \u00a0 \u00a0 \u00a0 \u00a0 \u00a0 \u00a0 \u00a0 \u00a0 <\/strong><span style=\"text-decoration: underline;\"><strong>Adh\u00e9sion \u00e0 l\u2019ARC<\/strong><\/span><\/h4><p>L\u2019adh\u00e9sion \u00e0 l\u2019ARC est annuelle, elle est valable pour l\u2019ann\u00e9e en cours jusqu\u2019au 30 septembre de l\u2019ann\u00e9e suivante.<\/p><p>\u00a0Elle donne acc\u00e8s aux activit\u00e9s propos\u00e9es par les deux associations : ARC Chevreuse et ARC Saint-R\u00e9my-l\u00e8s-Chevreuse.<\/p><p><b>Obligatoire et individuelle, l\u2019adh\u00e9sion comprend l\u2019assurance en responsabilit\u00e9 civile de l\u2019adh\u00e9rent dans le cadre de ses activit\u00e9s.<\/b><\/p><p>Le montant de l\u2019adh\u00e9sion n\u2019est ja\u00a0\u00a0\u00a0\u00a0 mais remboursable, il est fix\u00e9 en Assembl\u00e9e G\u00e9n\u00e9rale, \u00e0 ce jour il s\u2019\u00e9l\u00e8ve \u00e0 :<\/p><ul><li>25 \u20ac pour les adultes,<\/li><li>12 \u20ac pour les enfants et adolescents de moins de 18 ans.<\/li><\/ul><p>La carte d\u2019adh\u00e9rent est \u00e0 pr\u00e9senter \u00e0 chaque renouvellement.<\/p><p>\u00a0<\/p><h4><b>\u00a0 \u00a0 \u00a0 \u00a0 \u00a0 \u00a0 \u00a0 \u00a0 \u00a0 \u00a0 \u00a0<\/b><span style=\"text-decoration: underline;\"><b>Inscription aux activit\u00e9s<\/b><\/span><\/h4><p>L\u2019association \u00abArc Chevreuse\u00bb est un \u00e9tablissement <b>\u00e0 but non lucratif.<\/b><\/p><p><b>\u00a0\u00a0\u00a0\u00a0\u00a0\u00a0\u00a0\u00a0\u00a0\u00a0\u00a0\u00a0\u00a0\u00a0\u00a0\u00a0\u00a0\u00a0\u00a0\u00a0\u00a0\u00a0\u00a0\u00a0\u00a0\u00a0\u00a0\u00a0\u00a0\u00a0\u00a0\u00a0\u00a0\u00a0\u00a0\u00a0\u00a0\u00a0\u00a0\u00a0\u00a0\u00a0\u00a0\u00a0\u00a0\u00a0\u00a0\u00a0\u00a0\u00a0\u00a0\u00a0\u00a0 <\/b><\/p><ul><li><b> Ateliers et stages <\/b>: le co\u00fbt est forfaitaire selon l\u2019activit\u00e9 et le nombre de s\u00e9ances ; se reporter \u00e0 l\u2019atelier ou au stage choisi dans les pages suivantes.<\/li><li>\u00a0<\/li><li><b> Clubs<\/b> : forfait annuel de 20 \u20ac.<\/li><\/ul>\t\t\t\t\t\t\t\t<\/div>\n\t\t\t\t<\/div>\n\t\t\t\t<\/div>\n\t\t<div class=\"elementor-element elementor-element-ca20bf6 e-con-full e-flex wpr-particle-no wpr-jarallax-no wpr-parallax-no wpr-sticky-section-no e-con e-child\" data-id=\"ca20bf6\" data-element_type=\"container\" data-e-type=\"container\">\n\t\t\t\t<div class=\"elementor-element elementor-element-efd4b52 elementor-widget elementor-widget-text-editor\" data-id=\"efd4b52\" data-element_type=\"widget\" data-e-type=\"widget\" data-widget_type=\"text-editor.default\">\n\t\t\t\t<div class=\"elementor-widget-container\">\n\t\t\t\t\t\t\t\t\t<h4><b>\u00a0 \u00a0 \u00a0 \u00a0 \u00a0 \u00a0 \u00a0 \u00a0 \u00a0 <\/b><span style=\"text-decoration: underline;\"><b>R\u00e8glement des inscriptions<\/b><\/span><\/h4><p>Le montant des forfaits aux activit\u00e9s est \u00e0 r\u00e9gler au forum ou sur HELLO ASSO et\u00a0 au plus tard avant le d\u00e9but de chaque activit\u00e9,<\/p><p>Apr\u00e8s le 30 octobre les personnes qui n\u2019ont pas r\u00e9gl\u00e9 ne seront plus admises dans les ateliers.<\/p><p>\u00a0<\/p><h4><b>\u00a0 \u00a0 \u00a0 \u00a0 \u00a0 \u00a0 \u00a0 \u00a0 \u00a0 \u00a0 \u00a0<\/b><span style=\"text-decoration: underline;\"><b>Facilit\u00e9 de paiement<\/b><\/span><\/h4><p>Pour les activit\u00e9s, un r\u00e8glement en 3 ch\u00e8ques ou 3 versements sur HELLO ASSO,\u00a0 d\u2019\u00e9gal montant est propos\u00e9 si le montant de l\u2019activit\u00e9\u00a0 est &gt; 150 \u20ac.<\/p><p><b>Les 3 ch\u00e8ques sont \u00e0 remettre avec l\u2019inscription<\/b><\/p><p>Les\u00a0 r\u00e8glements sont mis \u00e0 l\u2019encaissement en fin des mois d\u2019octobre,\u00a0 janvier et d\u2019avril.<\/p><p>Les enfants et adolescents de moins de 20 ans, titulaires de la carte jeune attribu\u00e9e par les Mairies de Chevreuse et de Choisel, peuvent b\u00e9n\u00e9ficier d&rsquo;une r\u00e9duction seulement muni d&rsquo;un justificatif<b>.\u00a0\u00a0 L<\/b><b>e justificatif d\u00e9livr\u00e9 par les Mairies doit \u00a0 \u00eatre imp\u00e9rativement joint au bulletin d&rsquo;inscription (avant les vacances d\u2019octobre) ainsi que le coupon du <\/b><b>Pass<\/b><b>+.<\/b><\/p><p><b>\u00a0N\u2019\u00e9tant pas une f\u00e9d\u00e9ration sportive nous ne pouvons accepter le PASS SPORT.<\/b><\/p>\t\t\t\t\t\t\t\t<\/div>\n\t\t\t\t<\/div>\n\t\t\t\t<\/div>\n\t\t\t\t<\/div>\n\t\t\t\t\t<\/div>\n\t\t\t\t<\/div>\n\t\t\t\t<\/div>\n\t\t","protected":false},"excerpt":{"rendered":"<p>Conditions g\u00e9n\u00e9rales \u00a0 \u00a0 \u00a0 \u00a0 \u00a0 \u00a0 \u00a0 \u00a0 \u00a0 \u00a0 \u00a0 Adh\u00e9sion \u00e0 l\u2019ARC L\u2019adh\u00e9sion \u00e0 l\u2019ARC est annuelle, elle est valable pour l\u2019ann\u00e9e en cours jusqu\u2019au 30 septembre de l\u2019ann\u00e9e suivante. \u00a0Elle donne acc\u00e8s aux activit\u00e9s propos\u00e9es par les deux associations : ARC Chevreuse et ARC Saint-R\u00e9my-l\u00e8s-Chevreuse. Obligatoire et individuelle, l\u2019adh\u00e9sion comprend l\u2019assurance en responsabilit\u00e9 civile de l\u2019adh\u00e9rent dans le cadre de ses activit\u00e9s. Le montant de l\u2019adh\u00e9sion n\u2019est ja\u00a0\u00a0\u00a0\u00a0 mais remboursable, il est fix\u00e9 en Assembl\u00e9e G\u00e9n\u00e9rale, \u00e0 ce jour il s\u2019\u00e9l\u00e8ve \u00e0 : 25 \u20ac pour les adultes, 12 \u20ac pour les enfants et adolescents de moins de 18 ans. La carte d\u2019adh\u00e9rent est \u00e0 pr\u00e9senter \u00e0 chaque renouvellement. \u00a0 \u00a0 \u00a0 \u00a0 \u00a0 \u00a0 \u00a0 \u00a0 \u00a0 \u00a0 \u00a0 \u00a0Inscription aux activit\u00e9s L\u2019association \u00abArc Chevreuse\u00bb est un \u00e9tablissement \u00e0 but non lucratif. \u00a0\u00a0\u00a0\u00a0\u00a0\u00a0\u00a0\u00a0\u00a0\u00a0\u00a0\u00a0\u00a0\u00a0\u00a0\u00a0\u00a0\u00a0\u00a0\u00a0\u00a0\u00a0\u00a0\u00a0\u00a0\u00a0\u00a0\u00a0\u00a0\u00a0\u00a0\u00a0\u00a0\u00a0\u00a0\u00a0\u00a0\u00a0\u00a0\u00a0\u00a0\u00a0\u00a0\u00a0\u00a0\u00a0\u00a0\u00a0\u00a0\u00a0\u00a0\u00a0\u00a0 Ateliers et stages : le co\u00fbt est forfaitaire selon l\u2019activit\u00e9 et le nombre de s\u00e9ances ; se reporter \u00e0 l\u2019atelier ou au stage choisi dans les pages suivantes. \u00a0 Clubs : forfait annuel de 20 \u20ac. \u00a0 \u00a0 \u00a0 \u00a0 \u00a0 \u00a0 \u00a0 \u00a0 \u00a0 R\u00e8glement des inscriptions Le montant des forfaits aux activit\u00e9s est \u00e0 r\u00e9gler au forum ou sur HELLO ASSO et\u00a0 au plus tard avant le d\u00e9but de chaque activit\u00e9, Apr\u00e8s le 30 octobre les personnes qui n\u2019ont pas r\u00e9gl\u00e9 ne seront plus admises dans les ateliers. \u00a0 \u00a0 \u00a0 \u00a0 \u00a0 \u00a0 \u00a0 \u00a0 \u00a0 \u00a0 \u00a0 \u00a0Facilit\u00e9 de paiement Pour les activit\u00e9s, un r\u00e8glement en 3 ch\u00e8ques ou 3 versements sur HELLO ASSO,\u00a0 d\u2019\u00e9gal montant est propos\u00e9 si le montant de l\u2019activit\u00e9\u00a0 est &gt; 150 \u20ac. Les 3 ch\u00e8ques sont \u00e0 remettre avec l\u2019inscription Les\u00a0 r\u00e8glements sont mis \u00e0 l\u2019encaissement en fin des mois d\u2019octobre,\u00a0 janvier et d\u2019avril. Les enfants et adolescents de moins de 20 ans, titulaires de la carte jeune attribu\u00e9e par les Mairies de Chevreuse et de Choisel, peuvent b\u00e9n\u00e9ficier d&rsquo;une r\u00e9duction seulement muni d&rsquo;un justificatif.\u00a0\u00a0 Le justificatif d\u00e9livr\u00e9 par les Mairies doit \u00a0 \u00eatre imp\u00e9rativement joint au bulletin d&rsquo;inscription (avant les vacances d\u2019octobre) ainsi que le coupon du Pass+. \u00a0N\u2019\u00e9tant pas une f\u00e9d\u00e9ration sportive nous ne pouvons accepter le PASS SPORT.<\/p>\n","protected":false},"author":1,"featured_media":0,"parent":0,"menu_order":0,"comment_status":"closed","ping_status":"closed","template":"","meta":{"site-sidebar-layout":"no-sidebar","site-content-layout":"page-builder","ast-site-content-layout":"full-width-container","site-content-style":"default","site-sidebar-style":"default","ast-global-header-display":"","ast-banner-title-visibility":"","ast-main-header-display":"","ast-hfb-above-header-display":"","ast-hfb-below-header-display":"","ast-hfb-mobile-header-display":"","site-post-title":"disabled","ast-breadcrumbs-content":"","ast-featured-img":"disabled","footer-sml-layout":"","ast-disable-related-posts":"","theme-transparent-header-meta":"","adv-header-id-meta":"","stick-header-meta":"","header-above-stick-meta":"","header-main-stick-meta":"","header-below-stick-meta":"","astra-migrate-meta-layouts":"set","ast-page-background-enabled":"default","ast-page-background-meta":{"desktop":{"background-color":"var(--ast-global-color-4)","background-image":"","background-repeat":"repeat","background-position":"center center","background-size":"auto","background-attachment":"scroll","background-type":"","background-media":"","overlay-type":"","overlay-color":"","overlay-opacity":"","overlay-gradient":""},"tablet":{"background-color":"","background-image":"","background-repeat":"repeat","background-position":"center center","background-size":"auto","background-attachment":"scroll","background-type":"","background-media":"","overlay-type":"","overlay-color":"","overlay-opacity":"","overlay-gradient":""},"mobile":{"background-color":"","background-image":"","background-repeat":"repeat","background-position":"center center","background-size":"auto","background-attachment":"scroll","background-type":"","background-media":"","overlay-type":"","overlay-color":"","overlay-opacity":"","overlay-gradient":""}},"ast-content-background-meta":{"desktop":{"background-color":"var(--ast-global-color-5)","background-image":"","background-repeat":"repeat","background-position":"center center","background-size":"auto","background-attachment":"scroll","background-type":"","background-media":"","overlay-type":"","overlay-color":"","overlay-opacity":"","overlay-gradient":""},"tablet":{"background-color":"var(--ast-global-color-5)","background-image":"","background-repeat":"repeat","background-position":"center center","background-size":"auto","background-attachment":"scroll","background-type":"","background-media":"","overlay-type":"","overlay-color":"","overlay-opacity":"","overlay-gradient":""},"mobile":{"background-color":"var(--ast-global-color-5)","background-image":"","background-repeat":"repeat","background-position":"center center","background-size":"auto","background-attachment":"scroll","background-type":"","background-media":"","overlay-type":"","overlay-color":"","overlay-opacity":"","overlay-gradient":""}},"footnotes":""},"class_list":["post-2901","page","type-page","status-publish","hentry"],"yoast_head":"<!-- This site is optimized with the Yoast SEO plugin v27.1.1 - https:\/\/yoast.com\/product\/yoast-seo-wordpress\/ -->\n<title>Conditions g\u00e9n\u00e9rales - arc-chevreuse Conditions g\u00e9n\u00e9rales<\/title>\n<meta name=\"description\" content=\"Conditions g\u00e9n\u00e9rales\" \/>\n<meta name=\"robots\" content=\"noindex, follow, max-snippet:-1, max-image-preview:large, max-video-preview:-1\" \/>\n<meta property=\"og:locale\" content=\"fr_FR\" \/>\n<meta property=\"og:type\" content=\"article\" \/>\n<meta property=\"og:title\" content=\"Conditions g\u00e9n\u00e9rales - arc-chevreuse Conditions g\u00e9n\u00e9rales\" \/>\n<meta property=\"og:description\" content=\"Conditions g\u00e9n\u00e9rales\" \/>\n<meta property=\"og:url\" content=\"https:\/\/test.arc-chevreuse.org\/conditions-generales\/\" \/>\n<meta property=\"og:site_name\" content=\"arc-chevreuse\" \/>\n<meta property=\"article:modified_time\" content=\"2026-05-09T08:20:51+00:00\" \/>\n<meta property=\"og:image\" content=\"https:\/\/test.arc-chevreuse.org\/wp-content\/uploads\/2026\/03\/Conditions-generales-1024x585.webp\" \/>\n<meta name=\"twitter:card\" content=\"summary_large_image\" \/>\n<meta name=\"twitter:label1\" content=\"Dur\u00e9e de lecture estim\u00e9e\" \/>\n\t<meta name=\"twitter:data1\" content=\"2 minutes\" \/>\n<script type=\"application\/ld+json\" class=\"yoast-schema-graph\">{\"@context\":\"https:\/\/schema.org\",\"@graph\":[{\"@type\":\"WebPage\",\"@id\":\"https:\/\/test.arc-chevreuse.org\/conditions-generales\/\",\"url\":\"https:\/\/test.arc-chevreuse.org\/conditions-generales\/\",\"name\":\"Conditions g\u00e9n\u00e9rales - arc-chevreuse Conditions g\u00e9n\u00e9rales\",\"isPartOf\":{\"@id\":\"https:\/\/test.arc-chevreuse.org\/#website\"},\"primaryImageOfPage\":{\"@id\":\"https:\/\/test.arc-chevreuse.org\/conditions-generales\/#primaryimage\"},\"image\":{\"@id\":\"https:\/\/test.arc-chevreuse.org\/conditions-generales\/#primaryimage\"},\"thumbnailUrl\":\"https:\/\/test.arc-chevreuse.org\/wp-content\/uploads\/2026\/03\/Conditions-generales-1024x585.webp\",\"datePublished\":\"2026-02-08T15:11:31+00:00\",\"dateModified\":\"2026-05-09T08:20:51+00:00\",\"description\":\"Conditions g\u00e9n\u00e9rales\",\"breadcrumb\":{\"@id\":\"https:\/\/test.arc-chevreuse.org\/conditions-generales\/#breadcrumb\"},\"inLanguage\":\"fr-FR\",\"potentialAction\":[{\"@type\":\"ReadAction\",\"target\":[\"https:\/\/test.arc-chevreuse.org\/conditions-generales\/\"]}]},{\"@type\":\"ImageObject\",\"inLanguage\":\"fr-FR\",\"@id\":\"https:\/\/test.arc-chevreuse.org\/conditions-generales\/#primaryimage\",\"url\":\"https:\/\/test.arc-chevreuse.org\/wp-content\/uploads\/2026\/03\/Conditions-generales.webp\",\"contentUrl\":\"https:\/\/test.arc-chevreuse.org\/wp-content\/uploads\/2026\/03\/Conditions-generales.webp\",\"width\":1344,\"height\":768},{\"@type\":\"BreadcrumbList\",\"@id\":\"https:\/\/test.arc-chevreuse.org\/conditions-generales\/#breadcrumb\",\"itemListElement\":[{\"@type\":\"ListItem\",\"position\":1,\"name\":\"Accueil\",\"item\":\"https:\/\/test.arc-chevreuse.org\/\"},{\"@type\":\"ListItem\",\"position\":2,\"name\":\"Conditions g\u00e9n\u00e9rales\"}]},{\"@type\":\"WebSite\",\"@id\":\"https:\/\/test.arc-chevreuse.org\/#website\",\"url\":\"https:\/\/test.arc-chevreuse.org\/\",\"name\":\"arc-chevreuse\",\"description\":\"Des activit\u00e9s tout le long de l&#039;ann\u00e9e ...\",\"publisher\":{\"@id\":\"https:\/\/test.arc-chevreuse.org\/#organization\"},\"potentialAction\":[{\"@type\":\"SearchAction\",\"target\":{\"@type\":\"EntryPoint\",\"urlTemplate\":\"https:\/\/test.arc-chevreuse.org\/?s={search_term_string}\"},\"query-input\":{\"@type\":\"PropertyValueSpecification\",\"valueRequired\":true,\"valueName\":\"search_term_string\"}}],\"inLanguage\":\"fr-FR\"},{\"@type\":\"Organization\",\"@id\":\"https:\/\/test.arc-chevreuse.org\/#organization\",\"name\":\"arc-chevreuse\",\"url\":\"https:\/\/test.arc-chevreuse.org\/\",\"logo\":{\"@type\":\"ImageObject\",\"inLanguage\":\"fr-FR\",\"@id\":\"https:\/\/test.arc-chevreuse.org\/#\/schema\/logo\/image\/\",\"url\":\"https:\/\/test.arc-chevreuse.org\/wp-content\/uploads\/2026\/02\/logo_arc_chevreuse.png\",\"contentUrl\":\"https:\/\/test.arc-chevreuse.org\/wp-content\/uploads\/2026\/02\/logo_arc_chevreuse.png\",\"width\":407,\"height\":229,\"caption\":\"arc-chevreuse\"},\"image\":{\"@id\":\"https:\/\/test.arc-chevreuse.org\/#\/schema\/logo\/image\/\"}}]}<\/script>\n<!-- \/ Yoast SEO plugin. -->","yoast_head_json":{"title":"Conditions g\u00e9n\u00e9rales - arc-chevreuse Conditions g\u00e9n\u00e9rales","description":"Conditions g\u00e9n\u00e9rales","robots":{"index":"noindex","follow":"follow","max-snippet":"max-snippet:-1","max-image-preview":"max-image-preview:large","max-video-preview":"max-video-preview:-1"},"og_locale":"fr_FR","og_type":"article","og_title":"Conditions g\u00e9n\u00e9rales - arc-chevreuse Conditions g\u00e9n\u00e9rales","og_description":"Conditions g\u00e9n\u00e9rales","og_url":"https:\/\/test.arc-chevreuse.org\/conditions-generales\/","og_site_name":"arc-chevreuse","article_modified_time":"2026-05-09T08:20:51+00:00","og_image":[{"url":"https:\/\/test.arc-chevreuse.org\/wp-content\/uploads\/2026\/03\/Conditions-generales-1024x585.webp","type":"","width":"","height":""}],"twitter_card":"summary_large_image","twitter_misc":{"Dur\u00e9e de lecture estim\u00e9e":"2 minutes"},"schema":{"@context":"https:\/\/schema.org","@graph":[{"@type":"WebPage","@id":"https:\/\/test.arc-chevreuse.org\/conditions-generales\/","url":"https:\/\/test.arc-chevreuse.org\/conditions-generales\/","name":"Conditions g\u00e9n\u00e9rales - arc-chevreuse Conditions g\u00e9n\u00e9rales","isPartOf":{"@id":"https:\/\/test.arc-chevreuse.org\/#website"},"primaryImageOfPage":{"@id":"https:\/\/test.arc-chevreuse.org\/conditions-generales\/#primaryimage"},"image":{"@id":"https:\/\/test.arc-chevreuse.org\/conditions-generales\/#primaryimage"},"thumbnailUrl":"https:\/\/test.arc-chevreuse.org\/wp-content\/uploads\/2026\/03\/Conditions-generales-1024x585.webp","datePublished":"2026-02-08T15:11:31+00:00","dateModified":"2026-05-09T08:20:51+00:00","description":"Conditions g\u00e9n\u00e9rales","breadcrumb":{"@id":"https:\/\/test.arc-chevreuse.org\/conditions-generales\/#breadcrumb"},"inLanguage":"fr-FR","potentialAction":[{"@type":"ReadAction","target":["https:\/\/test.arc-chevreuse.org\/conditions-generales\/"]}]},{"@type":"ImageObject","inLanguage":"fr-FR","@id":"https:\/\/test.arc-chevreuse.org\/conditions-generales\/#primaryimage","url":"https:\/\/test.arc-chevreuse.org\/wp-content\/uploads\/2026\/03\/Conditions-generales.webp","contentUrl":"https:\/\/test.arc-chevreuse.org\/wp-content\/uploads\/2026\/03\/Conditions-generales.webp","width":1344,"height":768},{"@type":"BreadcrumbList","@id":"https:\/\/test.arc-chevreuse.org\/conditions-generales\/#breadcrumb","itemListElement":[{"@type":"ListItem","position":1,"name":"Accueil","item":"https:\/\/test.arc-chevreuse.org\/"},{"@type":"ListItem","position":2,"name":"Conditions g\u00e9n\u00e9rales"}]},{"@type":"WebSite","@id":"https:\/\/test.arc-chevreuse.org\/#website","url":"https:\/\/test.arc-chevreuse.org\/","name":"arc-chevreuse","description":"Des activit\u00e9s tout le long de l&#039;ann\u00e9e ...","publisher":{"@id":"https:\/\/test.arc-chevreuse.org\/#organization"},"potentialAction":[{"@type":"SearchAction","target":{"@type":"EntryPoint","urlTemplate":"https:\/\/test.arc-chevreuse.org\/?s={search_term_string}"},"query-input":{"@type":"PropertyValueSpecification","valueRequired":true,"valueName":"search_term_string"}}],"inLanguage":"fr-FR"},{"@type":"Organization","@id":"https:\/\/test.arc-chevreuse.org\/#organization","name":"arc-chevreuse","url":"https:\/\/test.arc-chevreuse.org\/","logo":{"@type":"ImageObject","inLanguage":"fr-FR","@id":"https:\/\/test.arc-chevreuse.org\/#\/schema\/logo\/image\/","url":"https:\/\/test.arc-chevreuse.org\/wp-content\/uploads\/2026\/02\/logo_arc_chevreuse.png","contentUrl":"https:\/\/test.arc-chevreuse.org\/wp-content\/uploads\/2026\/02\/logo_arc_chevreuse.png","width":407,"height":229,"caption":"arc-chevreuse"},"image":{"@id":"https:\/\/test.arc-chevreuse.org\/#\/schema\/logo\/image\/"}}]}},"_links":{"self":[{"href":"https:\/\/test.arc-chevreuse.org\/wp-json\/wp\/v2\/pages\/2901","targetHints":{"allow":["GET"]}}],"collection":[{"href":"https:\/\/test.arc-chevreuse.org\/wp-json\/wp\/v2\/pages"}],"about":[{"href":"https:\/\/test.arc-chevreuse.org\/wp-json\/wp\/v2\/types\/page"}],"author":[{"embeddable":true,"href":"https:\/\/test.arc-chevreuse.org\/wp-json\/wp\/v2\/users\/1"}],"replies":[{"embeddable":true,"href":"https:\/\/test.arc-chevreuse.org\/wp-json\/wp\/v2\/comments?post=2901"}],"version-history":[{"count":25,"href":"https:\/\/test.arc-chevreuse.org\/wp-json\/wp\/v2\/pages\/2901\/revisions"}],"predecessor-version":[{"id":5645,"href":"https:\/\/test.arc-chevreuse.org\/wp-json\/wp\/v2\/pages\/2901\/revisions\/5645"}],"wp:attachment":[{"href":"https:\/\/test.arc-chevreuse.org\/wp-json\/wp\/v2\/media?parent=2901"}],"curies":[{"name":"wp","href":"https:\/\/api.w.org\/{rel}","templated":true}]}}