{"id":16,"date":"2026-02-01T16:43:43","date_gmt":"2026-02-01T15:43:43","guid":{"rendered":"http:\/\/arc-chevreuse.localsite\/contact\/"},"modified":"2026-04-25T16:40:16","modified_gmt":"2026-04-25T14:40:16","slug":"contact","status":"publish","type":"page","link":"https:\/\/test.arc-chevreuse.org\/contact\/","title":{"rendered":"Contact"},"content":{"rendered":"\t\t<div data-elementor-type=\"wp-page\" data-elementor-id=\"16\" class=\"elementor elementor-16\">\n\t\t\t\t<div class=\"elementor-element elementor-element-b022f97 e-flex e-con-boxed wpr-particle-no wpr-jarallax-no wpr-parallax-no wpr-sticky-section-no e-con e-parent\" data-id=\"b022f97\" data-element_type=\"container\" data-e-type=\"container\">\n\t\t\t\t\t<div class=\"e-con-inner\">\n\t\t\t\t\t<\/div>\n\t\t\t\t<\/div>\n\t\t<div class=\"elementor-element elementor-element-b807d32 e-flex e-con-boxed wpr-particle-no wpr-jarallax-no wpr-parallax-no wpr-sticky-section-no e-con e-parent\" data-id=\"b807d32\" data-element_type=\"container\" data-e-type=\"container\">\n\t\t\t\t\t<div class=\"e-con-inner\">\n\t\t\t\t<div class=\"elementor-element elementor-element-185c101 elementor-widget elementor-widget-image\" data-id=\"185c101\" data-element_type=\"widget\" data-e-type=\"widget\" data-widget_type=\"image.default\">\n\t\t\t\t<div class=\"elementor-widget-container\">\n\t\t\t\t\t\t\t\t\t\t\t\t\t\t\t<img fetchpriority=\"high\" decoding=\"async\" width=\"1024\" height=\"585\" src=\"https:\/\/test.arc-chevreuse.org\/wp-content\/uploads\/2026\/02\/image-montrant-une-personne-peine-visible-et-son-1024x585.png\" class=\"attachment-large size-large wp-image-4360\" alt=\"image montrant une personne peine visible et son\" srcset=\"https:\/\/test.arc-chevreuse.org\/wp-content\/uploads\/2026\/02\/image-montrant-une-personne-peine-visible-et-son-1024x585.png 1024w, https:\/\/test.arc-chevreuse.org\/wp-content\/uploads\/2026\/02\/image-montrant-une-personne-peine-visible-et-son-300x171.png 300w, https:\/\/test.arc-chevreuse.org\/wp-content\/uploads\/2026\/02\/image-montrant-une-personne-peine-visible-et-son-768x439.png 768w, https:\/\/test.arc-chevreuse.org\/wp-content\/uploads\/2026\/02\/image-montrant-une-personne-peine-visible-et-son.png 1344w\" sizes=\"(max-width: 1024px) 100vw, 1024px\" \/>\t\t\t\t\t\t\t\t\t\t\t\t\t\t\t<\/div>\n\t\t\t\t<\/div>\n\t\t\t\t\t<\/div>\n\t\t\t\t<\/div>\n\t\t<div class=\"elementor-element elementor-element-6aa4706 e-flex e-con-boxed wpr-particle-no wpr-jarallax-no wpr-parallax-no wpr-sticky-section-no e-con e-parent\" data-id=\"6aa4706\" data-element_type=\"container\" data-e-type=\"container\">\n\t\t\t\t\t<div class=\"e-con-inner\">\n\t\t\t\t<div class=\"elementor-element elementor-element-9db3322 elementor-widget__width-initial elementor-widget elementor-widget-text-editor\" data-id=\"9db3322\" data-element_type=\"widget\" data-e-type=\"widget\" data-widget_type=\"text-editor.default\">\n\t\t\t\t<div class=\"elementor-widget-container\">\n\t\t\t\t\t\t\t\t\t<h3 data-section-id=\"1iap7t\" data-start=\"109\" data-end=\"142\"><span role=\"text\">\u00a0<strong data-start=\"115\" data-end=\"142\">Contact \u2013 Arc Chevreuse<\/strong><\/span><\/h3><p data-start=\"144\" data-end=\"220\">Une question ? Une inscription ?<br data-start=\"176\" data-end=\"179\" \/>Envie d\u2019en savoir plus sur nos ateliers ?<\/p><p data-start=\"222\" data-end=\"328\">L\u2019association Arc Chevreuse est \u00e0 votre \u00e9coute. Nous vous aidons \u00e0 trouver l\u2019activit\u00e9 qui vous correspond.<\/p><p data-start=\"330\" data-end=\"537\">Situ\u00e9e \u00e0 Chevreuse, dans les Yvelines, notre association propose de nombreuses activit\u00e9s tout au long de l\u2019ann\u00e9e. Arts manuels, ateliers culturels, bien-\u00eatre, sport ou loisirs : chacun peut trouver sa place.<\/p><p data-start=\"539\" data-end=\"747\">Plus d\u2019une trentaine d\u2019activit\u00e9s sont propos\u00e9es. Elles s\u2019adressent aux adultes, adolescents et enfants. Les ateliers sont encadr\u00e9s par des animateurs passionn\u00e9s, dans une ambiance conviviale et bienveillante.<\/p><p data-start=\"749\" data-end=\"906\">Vous souhaitez vous inscrire ou obtenir des informations ?<br data-start=\"807\" data-end=\"810\" \/>Utilisez le formulaire de contact ci-dessous. Vous pouvez aussi nous poser toutes vos questions.<\/p><p data-start=\"908\" data-end=\"954\">Nous vous r\u00e9pondons dans les meilleurs d\u00e9lais.<\/p><p data-start=\"956\" data-end=\"1027\">\ud83d\udc49 Contactez-nous d\u00e8s maintenant pour rejoindre un atelier \u00e0 Chevreuse.<\/p><hr data-start=\"1446\" data-end=\"1450\" \/>\t\t\t\t\t\t\t\t<\/div>\n\t\t\t\t<\/div>\n\t\t\t\t\t<\/div>\n\t\t\t\t<\/div>\n\t\t<div class=\"elementor-element elementor-element-3a0fcbf e-flex e-con-boxed wpr-particle-no wpr-jarallax-no wpr-parallax-no wpr-sticky-section-no e-con e-parent\" data-id=\"3a0fcbf\" data-element_type=\"container\" data-e-type=\"container\">\n\t\t\t\t\t<div class=\"e-con-inner\">\n\t\t<div class=\"elementor-element elementor-element-f05047f e-con-full e-flex wpr-particle-no wpr-jarallax-no wpr-parallax-no wpr-sticky-section-no e-con e-child\" data-id=\"f05047f\" data-element_type=\"container\" data-e-type=\"container\">\n\t\t\t\t<\/div>\n\t\t<div class=\"elementor-element elementor-element-2e20075 e-con-full e-flex wpr-particle-no wpr-jarallax-no wpr-parallax-no wpr-sticky-section-no e-con e-child\" data-id=\"2e20075\" data-element_type=\"container\" data-e-type=\"container\">\n\t\t\t\t<div class=\"elementor-element elementor-element-234f9e5 elementor-widget elementor-widget-wpforms\" data-id=\"234f9e5\" data-element_type=\"widget\" data-e-type=\"widget\" data-widget_type=\"wpforms.default\">\n\t\t\t\t<div class=\"elementor-widget-container\">\n\t\t\t\t\t<div class=\"wpforms-container \" id=\"wpforms-2830\"><form id=\"wpforms-form-2830\" class=\"wpforms-validate wpforms-form wpforms-ajax-form\" data-formid=\"2830\" method=\"post\" enctype=\"multipart\/form-data\" action=\"\/index.php?rest_route=%2Fwp%2Fv2%2Fpages%2F16\" data-token=\"89eb9e2f3ddd27dce05b2ebe40e0653f\" data-token-time=\"1778404597\"><noscript class=\"wpforms-error-noscript\">Veuillez activer JavaScript dans votre navigateur pour remplir ce formulaire.<\/noscript><div class=\"wpforms-field-container\">\t\t<div id=\"wpforms-2830-field_4-container\"\n\t\t\tclass=\"wpforms-field wpforms-field-text\"\n\t\t\tdata-field-type=\"text\"\n\t\t\tdata-field-id=\"4\"\n\t\t\t>\n\t\t\t<label class=\"wpforms-field-label\" for=\"wpforms-2830-field_4\" >Adresse mail message<\/label>\n\t\t\t<input type=\"text\" id=\"wpforms-2830-field_4\" class=\"wpforms-field-medium\" name=\"wpforms[fields][4]\" >\n\t\t<\/div>\n\t\t<div id=\"wpforms-2830-field_1-container\" class=\"wpforms-field wpforms-field-name\" data-field-id=\"1\"><label class=\"wpforms-field-label\" for=\"wpforms-2830-field_1\">Nom pr\u00e9nom <span class=\"wpforms-required-label\">*<\/span><\/label><input type=\"text\" id=\"wpforms-2830-field_1\" class=\"wpforms-field-large wpforms-field-required\" name=\"wpforms[fields][1]\" required><\/div><div id=\"wpforms-2830-field_2-container\" class=\"wpforms-field wpforms-field-email\" data-field-id=\"2\"><label class=\"wpforms-field-label\" for=\"wpforms-2830-field_2\">Adresse mail <span class=\"wpforms-required-label\">*<\/span><\/label><input type=\"email\" id=\"wpforms-2830-field_2\" class=\"wpforms-field-large wpforms-field-required\" name=\"wpforms[fields][2]\" spellcheck=\"false\" required><\/div><div id=\"wpforms-2830-field_3-container\" class=\"wpforms-field wpforms-field-textarea\" data-field-id=\"3\"><label class=\"wpforms-field-label\" for=\"wpforms-2830-field_3\">Votre message<\/label><textarea id=\"wpforms-2830-field_3\" class=\"wpforms-field-medium\" name=\"wpforms[fields][3]\" ><\/textarea><\/div><script>\n\t\t\t\t( function() {\n\t\t\t\t\tconst style = document.createElement( 'style' );\n\t\t\t\t\tstyle.appendChild( document.createTextNode( '#wpforms-2830-field_4-container { position: absolute !important; overflow: hidden !important; display: inline !important; height: 1px !important; width: 1px !important; z-index: -1000 !important; padding: 0 !important; } #wpforms-2830-field_4-container input { visibility: hidden; } #wpforms-conversational-form-page #wpforms-2830-field_4-container label { counter-increment: none; }' ) );\n\t\t\t\t\tdocument.head.appendChild( style );\n\t\t\t\t\tdocument.currentScript?.remove();\n\t\t\t\t} )();\n\t\t\t<\/script><\/div><!-- .wpforms-field-container --><div class=\"wpforms-submit-container\" ><input type=\"hidden\" name=\"wpforms[id]\" value=\"2830\"><input type=\"hidden\" name=\"page_title\" value=\"\"><input type=\"hidden\" name=\"page_url\" value=\"https:\/\/test.arc-chevreuse.org\/index.php?rest_route=\/wp\/v2\/pages\/16\"><input type=\"hidden\" name=\"url_referer\" value=\"\"><button type=\"submit\" name=\"wpforms[submit]\" id=\"wpforms-submit-2830\" class=\"wpforms-submit\" data-alt-text=\"Envoi...\" data-submit-text=\"Envoyer\" aria-live=\"assertive\" value=\"wpforms-submit\">Envoyer<\/button><img decoding=\"async\" src=\"https:\/\/test.arc-chevreuse.org\/wp-content\/plugins\/wpforms-lite\/assets\/images\/submit-spin.svg\" class=\"wpforms-submit-spinner\" style=\"display: none;\" width=\"26\" height=\"26\" alt=\"Chargement en cours\"><\/div><\/form><\/div>  <!-- .wpforms-container -->\t\t\t\t<\/div>\n\t\t\t\t<\/div>\n\t\t\t\t<\/div>\n\t\t\t\t\t<\/div>\n\t\t\t\t<\/div>\n\t\t<div class=\"elementor-element elementor-element-7cb4a91 e-flex e-con-boxed wpr-particle-no wpr-jarallax-no wpr-parallax-no wpr-sticky-section-no e-con e-parent\" data-id=\"7cb4a91\" data-element_type=\"container\" data-e-type=\"container\">\n\t\t\t\t\t<div class=\"e-con-inner\">\n\t\t<div class=\"elementor-element elementor-element-893aa90 e-con-full e-flex wpr-particle-no wpr-jarallax-no wpr-parallax-no wpr-sticky-section-no e-con e-child\" data-id=\"893aa90\" data-element_type=\"container\" data-e-type=\"container\">\n\t\t\t\t<\/div>\n\t\t<div class=\"elementor-element elementor-element-c9a84ce e-con-full e-flex wpr-particle-no wpr-jarallax-no wpr-parallax-no wpr-sticky-section-no e-con e-child\" data-id=\"c9a84ce\" data-element_type=\"container\" data-e-type=\"container\">\n\t\t\t\t<div class=\"elementor-element elementor-element-bc63a9e elementor-widget__width-initial elementor-widget elementor-widget-google_maps\" data-id=\"bc63a9e\" data-element_type=\"widget\" data-e-type=\"widget\" data-widget_type=\"google_maps.default\">\n\t\t\t\t<div class=\"elementor-widget-container\">\n\t\t\t\t\t\t\t<div class=\"elementor-custom-embed\">\n\t\t\t<iframe loading=\"lazy\"\n\t\t\t\t\tsrc=\"https:\/\/maps.google.com\/maps?q=45%20bis%20rue%20de%20Rambouiller%20Chevreuse&#038;t=m&#038;z=17&#038;output=embed&#038;iwloc=near\"\n\t\t\t\t\ttitle=\"45 bis rue de Rambouiller Chevreuse\"\n\t\t\t\t\taria-label=\"45 bis rue de Rambouiller Chevreuse\"\n\t\t\t><\/iframe>\n\t\t<\/div>\n\t\t\t\t\t\t<\/div>\n\t\t\t\t<\/div>\n\t\t\t\t<\/div>\n\t\t\t\t\t<\/div>\n\t\t\t\t<\/div>\n\t\t<div class=\"elementor-element elementor-element-34a8340 e-flex e-con-boxed wpr-particle-no wpr-jarallax-no wpr-parallax-no wpr-sticky-section-no e-con e-parent\" data-id=\"34a8340\" data-element_type=\"container\" data-e-type=\"container\">\n\t\t\t\t\t<div class=\"e-con-inner\">\n\t\t\t\t<div class=\"elementor-element elementor-element-5c06b4d elementor-widget elementor-widget-text-editor\" data-id=\"5c06b4d\" data-element_type=\"widget\" data-e-type=\"widget\" data-widget_type=\"text-editor.default\">\n\t\t\t\t<div class=\"elementor-widget-container\">\n\t\t\t\t\t\t\t\t\t<p><a href=\"https:\/\/test.arc-chevreuse.org\/\">retour \u00e0 l&rsquo;accueil<\/a><\/p>\t\t\t\t\t\t\t\t<\/div>\n\t\t\t\t<\/div>\n\t\t\t\t\t<\/div>\n\t\t\t\t<\/div>\n\t\t\t\t<\/div>\n\t\t","protected":false},"excerpt":{"rendered":"<p>\u00a0Contact \u2013 Arc Chevreuse Une question ? Une inscription ?Envie d\u2019en savoir plus sur nos ateliers ? L\u2019association Arc Chevreuse est \u00e0 votre \u00e9coute. Nous vous aidons \u00e0 trouver l\u2019activit\u00e9 qui vous correspond. Situ\u00e9e \u00e0 Chevreuse, dans les Yvelines, notre association propose de nombreuses activit\u00e9s tout au long de l\u2019ann\u00e9e. Arts manuels, ateliers culturels, bien-\u00eatre, sport ou loisirs : chacun peut trouver sa place. Plus d\u2019une trentaine d\u2019activit\u00e9s sont propos\u00e9es. Elles s\u2019adressent aux adultes, adolescents et enfants. Les ateliers sont encadr\u00e9s par des animateurs passionn\u00e9s, dans une ambiance conviviale et bienveillante. Vous souhaitez vous inscrire ou obtenir des informations ?Utilisez le formulaire de contact ci-dessous. Vous pouvez aussi nous poser toutes vos questions. Nous vous r\u00e9pondons dans les meilleurs d\u00e9lais. \ud83d\udc49 Contactez-nous d\u00e8s maintenant pour rejoindre un atelier \u00e0 Chevreuse. Veuillez activer JavaScript dans votre navigateur pour remplir ce formulaire.Nom pr\u00e9nom *Adresse mail *Votre message Envoyer retour \u00e0 l&rsquo;accueil<\/p>\n","protected":false},"author":1,"featured_media":0,"parent":0,"menu_order":0,"comment_status":"closed","ping_status":"closed","template":"","meta":{"site-sidebar-layout":"no-sidebar","site-content-layout":"page-builder","ast-site-content-layout":"full-width-container","site-content-style":"unboxed","site-sidebar-style":"unboxed","ast-global-header-display":"","ast-banner-title-visibility":"","ast-main-header-display":"","ast-hfb-above-header-display":"","ast-hfb-below-header-display":"","ast-hfb-mobile-header-display":"","site-post-title":"disabled","ast-breadcrumbs-content":"","ast-featured-img":"disabled","footer-sml-layout":"","ast-disable-related-posts":"","theme-transparent-header-meta":"enabled","adv-header-id-meta":"","stick-header-meta":"","header-above-stick-meta":"","header-main-stick-meta":"","header-below-stick-meta":"","astra-migrate-meta-layouts":"set","ast-page-background-enabled":"default","ast-page-background-meta":{"desktop":{"background-color":"var(--ast-global-color-4)","background-image":"","background-repeat":"repeat","background-position":"center center","background-size":"auto","background-attachment":"scroll","background-type":"","background-media":"","overlay-type":"","overlay-color":"","overlay-opacity":"","overlay-gradient":""},"tablet":{"background-color":"","background-image":"","background-repeat":"repeat","background-position":"center center","background-size":"auto","background-attachment":"scroll","background-type":"","background-media":"","overlay-type":"","overlay-color":"","overlay-opacity":"","overlay-gradient":""},"mobile":{"background-color":"","background-image":"","background-repeat":"repeat","background-position":"center center","background-size":"auto","background-attachment":"scroll","background-type":"","background-media":"","overlay-type":"","overlay-color":"","overlay-opacity":"","overlay-gradient":""}},"ast-content-background-meta":{"desktop":{"background-color":"var(--ast-global-color-5)","background-image":"","background-repeat":"repeat","background-position":"center center","background-size":"auto","background-attachment":"scroll","background-type":"","background-media":"","overlay-type":"","overlay-color":"","overlay-opacity":"","overlay-gradient":""},"tablet":{"background-color":"var(--ast-global-color-5)","background-image":"","background-repeat":"repeat","background-position":"center center","background-size":"auto","background-attachment":"scroll","background-type":"","background-media":"","overlay-type":"","overlay-color":"","overlay-opacity":"","overlay-gradient":""},"mobile":{"background-color":"var(--ast-global-color-5)","background-image":"","background-repeat":"repeat","background-position":"center center","background-size":"auto","background-attachment":"scroll","background-type":"","background-media":"","overlay-type":"","overlay-color":"","overlay-opacity":"","overlay-gradient":""}},"footnotes":""},"class_list":["post-16","page","type-page","status-publish","hentry"],"yoast_head":"<!-- This site is optimized with the Yoast SEO plugin v27.1.1 - https:\/\/yoast.com\/product\/yoast-seo-wordpress\/ -->\n<title>Contact - arc-chevreuse Contact ARC Chevreuse | Ateliers<\/title>\n<meta name=\"description\" content=\"Contact l&#039;ARC Chevreuse pour vos questions sur nos ateliers. t\u00e9l\u00e9phone, email. Situ\u00e9 \u00e0 Chevreuse, Yvelines. R\u00e9ponse rapide !\" \/>\n<meta name=\"robots\" content=\"noindex, follow, max-snippet:-1, max-image-preview:large, max-video-preview:-1\" \/>\n<meta property=\"og:locale\" content=\"fr_FR\" \/>\n<meta property=\"og:type\" content=\"article\" \/>\n<meta property=\"og:title\" content=\"Contact - arc-chevreuse Contact ARC Chevreuse | Ateliers\" \/>\n<meta property=\"og:description\" content=\"Contact l&#039;ARC Chevreuse pour vos questions sur nos ateliers. t\u00e9l\u00e9phone, email. Situ\u00e9 \u00e0 Chevreuse, Yvelines. R\u00e9ponse rapide !\" \/>\n<meta property=\"og:url\" content=\"https:\/\/test.arc-chevreuse.org\/contact\/\" \/>\n<meta property=\"og:site_name\" content=\"arc-chevreuse\" \/>\n<meta property=\"article:modified_time\" content=\"2026-04-25T14:40:16+00:00\" \/>\n<meta property=\"og:image\" content=\"https:\/\/test.arc-chevreuse.org\/wp-content\/uploads\/2026\/02\/image-montrant-une-personne-peine-visible-et-son-1024x585.png\" \/>\n<meta name=\"twitter:card\" content=\"summary_large_image\" \/>\n<meta name=\"twitter:label1\" content=\"Dur\u00e9e de lecture estim\u00e9e\" \/>\n\t<meta name=\"twitter:data1\" content=\"2 minutes\" \/>\n<script type=\"application\/ld+json\" class=\"yoast-schema-graph\">{\"@context\":\"https:\/\/schema.org\",\"@graph\":[{\"@type\":\"WebPage\",\"@id\":\"https:\/\/test.arc-chevreuse.org\/contact\/\",\"url\":\"https:\/\/test.arc-chevreuse.org\/contact\/\",\"name\":\"Contact - arc-chevreuse Contact ARC Chevreuse | Ateliers\",\"isPartOf\":{\"@id\":\"https:\/\/test.arc-chevreuse.org\/#website\"},\"primaryImageOfPage\":{\"@id\":\"https:\/\/test.arc-chevreuse.org\/contact\/#primaryimage\"},\"image\":{\"@id\":\"https:\/\/test.arc-chevreuse.org\/contact\/#primaryimage\"},\"thumbnailUrl\":\"https:\/\/test.arc-chevreuse.org\/wp-content\/uploads\/2026\/02\/image-montrant-une-personne-peine-visible-et-son-1024x585.png\",\"datePublished\":\"2026-02-01T15:43:43+00:00\",\"dateModified\":\"2026-04-25T14:40:16+00:00\",\"description\":\"Contact l'ARC Chevreuse pour vos questions sur nos ateliers. t\u00e9l\u00e9phone, email. Situ\u00e9 \u00e0 Chevreuse, Yvelines. R\u00e9ponse rapide !\",\"breadcrumb\":{\"@id\":\"https:\/\/test.arc-chevreuse.org\/contact\/#breadcrumb\"},\"inLanguage\":\"fr-FR\",\"potentialAction\":[{\"@type\":\"ReadAction\",\"target\":[\"https:\/\/test.arc-chevreuse.org\/contact\/\"]}]},{\"@type\":\"ImageObject\",\"inLanguage\":\"fr-FR\",\"@id\":\"https:\/\/test.arc-chevreuse.org\/contact\/#primaryimage\",\"url\":\"https:\/\/test.arc-chevreuse.org\/wp-content\/uploads\/2026\/02\/image-montrant-une-personne-peine-visible-et-son.png\",\"contentUrl\":\"https:\/\/test.arc-chevreuse.org\/wp-content\/uploads\/2026\/02\/image-montrant-une-personne-peine-visible-et-son.png\",\"width\":1344,\"height\":768,\"caption\":\"image montrant une personne peine visible et son\"},{\"@type\":\"BreadcrumbList\",\"@id\":\"https:\/\/test.arc-chevreuse.org\/contact\/#breadcrumb\",\"itemListElement\":[{\"@type\":\"ListItem\",\"position\":1,\"name\":\"Accueil\",\"item\":\"https:\/\/test.arc-chevreuse.org\/\"},{\"@type\":\"ListItem\",\"position\":2,\"name\":\"Contact\"}]},{\"@type\":\"WebSite\",\"@id\":\"https:\/\/test.arc-chevreuse.org\/#website\",\"url\":\"https:\/\/test.arc-chevreuse.org\/\",\"name\":\"arc-chevreuse\",\"description\":\"Des activit\u00e9s tout le long de l&#039;ann\u00e9e ...\",\"publisher\":{\"@id\":\"https:\/\/test.arc-chevreuse.org\/#organization\"},\"potentialAction\":[{\"@type\":\"SearchAction\",\"target\":{\"@type\":\"EntryPoint\",\"urlTemplate\":\"https:\/\/test.arc-chevreuse.org\/?s={search_term_string}\"},\"query-input\":{\"@type\":\"PropertyValueSpecification\",\"valueRequired\":true,\"valueName\":\"search_term_string\"}}],\"inLanguage\":\"fr-FR\"},{\"@type\":\"Organization\",\"@id\":\"https:\/\/test.arc-chevreuse.org\/#organization\",\"name\":\"arc-chevreuse\",\"url\":\"https:\/\/test.arc-chevreuse.org\/\",\"logo\":{\"@type\":\"ImageObject\",\"inLanguage\":\"fr-FR\",\"@id\":\"https:\/\/test.arc-chevreuse.org\/#\/schema\/logo\/image\/\",\"url\":\"https:\/\/test.arc-chevreuse.org\/wp-content\/uploads\/2026\/02\/logo_arc_chevreuse.png\",\"contentUrl\":\"https:\/\/test.arc-chevreuse.org\/wp-content\/uploads\/2026\/02\/logo_arc_chevreuse.png\",\"width\":407,\"height\":229,\"caption\":\"arc-chevreuse\"},\"image\":{\"@id\":\"https:\/\/test.arc-chevreuse.org\/#\/schema\/logo\/image\/\"}}]}<\/script>\n<!-- \/ Yoast SEO plugin. -->","yoast_head_json":{"title":"Contact - arc-chevreuse Contact ARC Chevreuse | Ateliers","description":"Contact l'ARC Chevreuse pour vos questions sur nos ateliers. t\u00e9l\u00e9phone, email. Situ\u00e9 \u00e0 Chevreuse, Yvelines. R\u00e9ponse rapide !","robots":{"index":"noindex","follow":"follow","max-snippet":"max-snippet:-1","max-image-preview":"max-image-preview:large","max-video-preview":"max-video-preview:-1"},"og_locale":"fr_FR","og_type":"article","og_title":"Contact - arc-chevreuse Contact ARC Chevreuse | Ateliers","og_description":"Contact l'ARC Chevreuse pour vos questions sur nos ateliers. t\u00e9l\u00e9phone, email. Situ\u00e9 \u00e0 Chevreuse, Yvelines. R\u00e9ponse rapide !","og_url":"https:\/\/test.arc-chevreuse.org\/contact\/","og_site_name":"arc-chevreuse","article_modified_time":"2026-04-25T14:40:16+00:00","og_image":[{"url":"https:\/\/test.arc-chevreuse.org\/wp-content\/uploads\/2026\/02\/image-montrant-une-personne-peine-visible-et-son-1024x585.png","type":"","width":"","height":""}],"twitter_card":"summary_large_image","twitter_misc":{"Dur\u00e9e de lecture estim\u00e9e":"2 minutes"},"schema":{"@context":"https:\/\/schema.org","@graph":[{"@type":"WebPage","@id":"https:\/\/test.arc-chevreuse.org\/contact\/","url":"https:\/\/test.arc-chevreuse.org\/contact\/","name":"Contact - arc-chevreuse Contact ARC Chevreuse | Ateliers","isPartOf":{"@id":"https:\/\/test.arc-chevreuse.org\/#website"},"primaryImageOfPage":{"@id":"https:\/\/test.arc-chevreuse.org\/contact\/#primaryimage"},"image":{"@id":"https:\/\/test.arc-chevreuse.org\/contact\/#primaryimage"},"thumbnailUrl":"https:\/\/test.arc-chevreuse.org\/wp-content\/uploads\/2026\/02\/image-montrant-une-personne-peine-visible-et-son-1024x585.png","datePublished":"2026-02-01T15:43:43+00:00","dateModified":"2026-04-25T14:40:16+00:00","description":"Contact l'ARC Chevreuse pour vos questions sur nos ateliers. t\u00e9l\u00e9phone, email. Situ\u00e9 \u00e0 Chevreuse, Yvelines. R\u00e9ponse rapide !","breadcrumb":{"@id":"https:\/\/test.arc-chevreuse.org\/contact\/#breadcrumb"},"inLanguage":"fr-FR","potentialAction":[{"@type":"ReadAction","target":["https:\/\/test.arc-chevreuse.org\/contact\/"]}]},{"@type":"ImageObject","inLanguage":"fr-FR","@id":"https:\/\/test.arc-chevreuse.org\/contact\/#primaryimage","url":"https:\/\/test.arc-chevreuse.org\/wp-content\/uploads\/2026\/02\/image-montrant-une-personne-peine-visible-et-son.png","contentUrl":"https:\/\/test.arc-chevreuse.org\/wp-content\/uploads\/2026\/02\/image-montrant-une-personne-peine-visible-et-son.png","width":1344,"height":768,"caption":"image montrant une personne peine visible et son"},{"@type":"BreadcrumbList","@id":"https:\/\/test.arc-chevreuse.org\/contact\/#breadcrumb","itemListElement":[{"@type":"ListItem","position":1,"name":"Accueil","item":"https:\/\/test.arc-chevreuse.org\/"},{"@type":"ListItem","position":2,"name":"Contact"}]},{"@type":"WebSite","@id":"https:\/\/test.arc-chevreuse.org\/#website","url":"https:\/\/test.arc-chevreuse.org\/","name":"arc-chevreuse","description":"Des activit\u00e9s tout le long de l&#039;ann\u00e9e ...","publisher":{"@id":"https:\/\/test.arc-chevreuse.org\/#organization"},"potentialAction":[{"@type":"SearchAction","target":{"@type":"EntryPoint","urlTemplate":"https:\/\/test.arc-chevreuse.org\/?s={search_term_string}"},"query-input":{"@type":"PropertyValueSpecification","valueRequired":true,"valueName":"search_term_string"}}],"inLanguage":"fr-FR"},{"@type":"Organization","@id":"https:\/\/test.arc-chevreuse.org\/#organization","name":"arc-chevreuse","url":"https:\/\/test.arc-chevreuse.org\/","logo":{"@type":"ImageObject","inLanguage":"fr-FR","@id":"https:\/\/test.arc-chevreuse.org\/#\/schema\/logo\/image\/","url":"https:\/\/test.arc-chevreuse.org\/wp-content\/uploads\/2026\/02\/logo_arc_chevreuse.png","contentUrl":"https:\/\/test.arc-chevreuse.org\/wp-content\/uploads\/2026\/02\/logo_arc_chevreuse.png","width":407,"height":229,"caption":"arc-chevreuse"},"image":{"@id":"https:\/\/test.arc-chevreuse.org\/#\/schema\/logo\/image\/"}}]}},"_links":{"self":[{"href":"https:\/\/test.arc-chevreuse.org\/wp-json\/wp\/v2\/pages\/16","targetHints":{"allow":["GET"]}}],"collection":[{"href":"https:\/\/test.arc-chevreuse.org\/wp-json\/wp\/v2\/pages"}],"about":[{"href":"https:\/\/test.arc-chevreuse.org\/wp-json\/wp\/v2\/types\/page"}],"author":[{"embeddable":true,"href":"https:\/\/test.arc-chevreuse.org\/wp-json\/wp\/v2\/users\/1"}],"replies":[{"embeddable":true,"href":"https:\/\/test.arc-chevreuse.org\/wp-json\/wp\/v2\/comments?post=16"}],"version-history":[{"count":80,"href":"https:\/\/test.arc-chevreuse.org\/wp-json\/wp\/v2\/pages\/16\/revisions"}],"predecessor-version":[{"id":7069,"href":"https:\/\/test.arc-chevreuse.org\/wp-json\/wp\/v2\/pages\/16\/revisions\/7069"}],"wp:attachment":[{"href":"https:\/\/test.arc-chevreuse.org\/wp-json\/wp\/v2\/media?parent=16"}],"curies":[{"name":"wp","href":"https:\/\/api.w.org\/{rel}","templated":true}]}}